{"id":9688,"date":"2021-07-06T06:50:25","date_gmt":"2021-06-22T01:03:07","guid":{"rendered":"http:\/\/alepposhop.eu\/product\/unkategorisiert\/koeln-fella-diana\/"},"modified":"2023-04-14T20:08:38","modified_gmt":"2023-04-14T18:08:38","slug":"koeln-fella-diana","status":"publish","type":"product","link":"https:\/\/alepposhop.eu\/de\/koeln-fella-diana\/","title":{"rendered":"K\u00f6ln Fella (Diana)"},"content":{"rendered":"<p style=\"text-align: center;\">\u00a0Gewicht : 200 g<\/p>\n<p style=\"text-align: center;\">K\u00f6ln hat Diana-Kinder erfrischende Ger\u00fcche, die f\u00fcr lange Zeit dauern, nett auf der Haut<\/p>\n<p style=\"text-align: center;\">\n","protected":false},"excerpt":{"rendered":"<p>Kinder Parf\u00fcm, Kinder, Parfums<\/p>\n","protected":false},"featured_media":7003,"template":"","meta":[],"product_brand":[],"product_cat":[75],"product_tag":[],"class_list":{"0":"post-9688","1":"product","2":"type-product","3":"status-publish","4":"has-post-thumbnail","6":"product_cat-schonheit-und-gesundheit","8":"first","9":"outofstock","10":"taxable","11":"shipping-taxable","12":"purchasable","13":"product-type-simple"},"_links":{"self":[{"href":"https:\/\/alepposhop.eu\/de\/wp-json\/wp\/v2\/product\/9688"}],"collection":[{"href":"https:\/\/alepposhop.eu\/de\/wp-json\/wp\/v2\/product"}],"about":[{"href":"https:\/\/alepposhop.eu\/de\/wp-json\/wp\/v2\/types\/product"}],"wp:featuredmedia":[{"embeddable":true,"href":"https:\/\/alepposhop.eu\/de\/wp-json\/wp\/v2\/media\/7003"}],"wp:attachment":[{"href":"https:\/\/alepposhop.eu\/de\/wp-json\/wp\/v2\/media?parent=9688"}],"wp:term":[{"taxonomy":"product_brand","embeddable":true,"href":"https:\/\/alepposhop.eu\/de\/wp-json\/wp\/v2\/product_brand?post=9688"},{"taxonomy":"product_cat","embeddable":true,"href":"https:\/\/alepposhop.eu\/de\/wp-json\/wp\/v2\/product_cat?post=9688"},{"taxonomy":"product_tag","embeddable":true,"href":"https:\/\/alepposhop.eu\/de\/wp-json\/wp\/v2\/product_tag?post=9688"}],"curies":[{"name":"wp","href":"https:\/\/api.w.org\/{rel}","templated":true}]}}