{"id":9708,"date":"2021-06-21T16:00:17","date_gmt":"2021-06-04T21:20:23","guid":{"rendered":"http:\/\/alepposhop.eu\/product\/unkategorisiert\/koelnhamol-fuer-kinder-bluete\/"},"modified":"2021-09-30T12:28:15","modified_gmt":"2021-09-30T10:28:15","slug":"koelnhamol-fuer-kinder-bluete","status":"publish","type":"product","link":"https:\/\/alepposhop.eu\/de\/koelnhamol-fuer-kinder-bluete\/","title":{"rendered":"K\u00f6lnhamol f\u00fcr Kinder (Bl\u00fcte)"},"content":{"rendered":"<p style=\"text-align: center;\">\u00a0Gewicht : 200 g<\/p>\n<p style=\"text-align: center;\">K\u00f6lner Kinder aus Hamul, nett auf der Haut mit erfrischendem und nettem Geruch, mit Parfums, die eine lange Zeit dauerten<\/p>\n<p style=\"text-align: center;\">\n","protected":false},"excerpt":{"rendered":"<p>Kinder Parf\u00fcm, Kinder, Parfums<\/p>\n","protected":false},"featured_media":7023,"template":"","meta":[],"product_brand":[],"product_cat":[75],"product_tag":[],"class_list":{"0":"post-9708","1":"product","2":"type-product","3":"status-publish","4":"has-post-thumbnail","6":"product_cat-schonheit-und-gesundheit","8":"first","9":"instock","10":"taxable","11":"shipping-taxable","12":"purchasable","13":"product-type-simple"},"_links":{"self":[{"href":"https:\/\/alepposhop.eu\/de\/wp-json\/wp\/v2\/product\/9708"}],"collection":[{"href":"https:\/\/alepposhop.eu\/de\/wp-json\/wp\/v2\/product"}],"about":[{"href":"https:\/\/alepposhop.eu\/de\/wp-json\/wp\/v2\/types\/product"}],"wp:featuredmedia":[{"embeddable":true,"href":"https:\/\/alepposhop.eu\/de\/wp-json\/wp\/v2\/media\/7023"}],"wp:attachment":[{"href":"https:\/\/alepposhop.eu\/de\/wp-json\/wp\/v2\/media?parent=9708"}],"wp:term":[{"taxonomy":"product_brand","embeddable":true,"href":"https:\/\/alepposhop.eu\/de\/wp-json\/wp\/v2\/product_brand?post=9708"},{"taxonomy":"product_cat","embeddable":true,"href":"https:\/\/alepposhop.eu\/de\/wp-json\/wp\/v2\/product_cat?post=9708"},{"taxonomy":"product_tag","embeddable":true,"href":"https:\/\/alepposhop.eu\/de\/wp-json\/wp\/v2\/product_tag?post=9708"}],"curies":[{"name":"wp","href":"https:\/\/api.w.org\/{rel}","templated":true}]}}