{"id":9712,"date":"2021-07-24T17:39:28","date_gmt":"2021-07-26T16:18:58","guid":{"rendered":"http:\/\/alepposhop.eu\/product\/unkategorisiert\/misk-al-tahara-mit-seife\/"},"modified":"2021-09-30T12:28:15","modified_gmt":"2021-09-30T10:28:15","slug":"misk-al-tahara-mit-seife","status":"publish","type":"product","link":"https:\/\/alepposhop.eu\/de\/misk-al-tahara-mit-seife\/","title":{"rendered":"Misk Al Tahara mit Seife"},"content":{"rendered":"<p style=\"text-align: center;\">\u00a0Gewicht : 80 g<\/p>\n<p style=\"text-align: center;\">Das ausgepr\u00e4gte, anh\u00e4ngige Fungiert seine sch\u00f6ne und erfrischende Ger\u00fcche lange Zeit<\/p>\n<p style=\"text-align: center;\">\n","protected":false},"excerpt":{"rendered":"<p>Reinheit, Seife.<\/p>\n","protected":false},"featured_media":7027,"template":"","meta":[],"product_brand":[],"product_cat":[75,76],"product_tag":[],"class_list":{"0":"post-9712","1":"product","2":"type-product","3":"status-publish","4":"has-post-thumbnail","6":"product_cat-schonheit-und-gesundheit","7":"product_cat-personliche-hygiene","9":"first","10":"outofstock","11":"taxable","12":"shipping-taxable","13":"purchasable","14":"product-type-simple"},"_links":{"self":[{"href":"https:\/\/alepposhop.eu\/de\/wp-json\/wp\/v2\/product\/9712"}],"collection":[{"href":"https:\/\/alepposhop.eu\/de\/wp-json\/wp\/v2\/product"}],"about":[{"href":"https:\/\/alepposhop.eu\/de\/wp-json\/wp\/v2\/types\/product"}],"wp:featuredmedia":[{"embeddable":true,"href":"https:\/\/alepposhop.eu\/de\/wp-json\/wp\/v2\/media\/7027"}],"wp:attachment":[{"href":"https:\/\/alepposhop.eu\/de\/wp-json\/wp\/v2\/media?parent=9712"}],"wp:term":[{"taxonomy":"product_brand","embeddable":true,"href":"https:\/\/alepposhop.eu\/de\/wp-json\/wp\/v2\/product_brand?post=9712"},{"taxonomy":"product_cat","embeddable":true,"href":"https:\/\/alepposhop.eu\/de\/wp-json\/wp\/v2\/product_cat?post=9712"},{"taxonomy":"product_tag","embeddable":true,"href":"https:\/\/alepposhop.eu\/de\/wp-json\/wp\/v2\/product_tag?post=9712"}],"curies":[{"name":"wp","href":"https:\/\/api.w.org\/{rel}","templated":true}]}}