{"id":9716,"date":"2021-07-31T23:54:48","date_gmt":"2021-07-17T22:54:19","guid":{"rendered":"http:\/\/alepposhop.eu\/product\/unkategorisiert\/natuerlicher-badeschweinchen\/"},"modified":"2021-09-30T12:28:16","modified_gmt":"2021-09-30T10:28:16","slug":"natuerlicher-badeschweinchen","status":"publish","type":"product","link":"https:\/\/alepposhop.eu\/de\/natuerlicher-badeschweinchen\/","title":{"rendered":"Nat\u00fcrlicher Badeschweinchen"},"content":{"rendered":"<p style=\"text-align: center;\">\u00a0Gewicht : 100 g<\/p>\n<p style=\"text-align: center;\">Die Lippe enth\u00e4lt mehrere \u00e4sthetische Vorteile, da ein nat\u00fcrliches Mittel zum Reinigen der Haut und des Abziehens Ihres K\u00f6rpers, und es ist nicht kompatibel mit dem Geist des fr\u00fchen Abfalls im Gegensatz zu anderen Arten mit groben und Kunststofffaser<\/p>\n<p style=\"text-align: center;\">\n","protected":false},"excerpt":{"rendered":"<p>Hautpflege, Kosmetik, Kosmetika<\/p>\n","protected":false},"featured_media":7031,"template":"","meta":[],"product_brand":[],"product_cat":[76],"product_tag":[],"class_list":{"0":"post-9716","1":"product","2":"type-product","3":"status-publish","4":"has-post-thumbnail","6":"product_cat-personliche-hygiene","8":"first","9":"instock","10":"taxable","11":"shipping-taxable","12":"purchasable","13":"product-type-simple"},"_links":{"self":[{"href":"https:\/\/alepposhop.eu\/de\/wp-json\/wp\/v2\/product\/9716"}],"collection":[{"href":"https:\/\/alepposhop.eu\/de\/wp-json\/wp\/v2\/product"}],"about":[{"href":"https:\/\/alepposhop.eu\/de\/wp-json\/wp\/v2\/types\/product"}],"wp:featuredmedia":[{"embeddable":true,"href":"https:\/\/alepposhop.eu\/de\/wp-json\/wp\/v2\/media\/7031"}],"wp:attachment":[{"href":"https:\/\/alepposhop.eu\/de\/wp-json\/wp\/v2\/media?parent=9716"}],"wp:term":[{"taxonomy":"product_brand","embeddable":true,"href":"https:\/\/alepposhop.eu\/de\/wp-json\/wp\/v2\/product_brand?post=9716"},{"taxonomy":"product_cat","embeddable":true,"href":"https:\/\/alepposhop.eu\/de\/wp-json\/wp\/v2\/product_cat?post=9716"},{"taxonomy":"product_tag","embeddable":true,"href":"https:\/\/alepposhop.eu\/de\/wp-json\/wp\/v2\/product_tag?post=9716"}],"curies":[{"name":"wp","href":"https:\/\/api.w.org\/{rel}","templated":true}]}}