{"id":9720,"date":"2021-07-04T05:15:05","date_gmt":"2021-08-12T06:35:55","guid":{"rendered":"http:\/\/alepposhop.eu\/product\/unkategorisiert\/aleppo-seife-4-stueck\/"},"modified":"2021-09-30T12:28:17","modified_gmt":"2021-09-30T10:28:17","slug":"aleppo-seife-4-stueck","status":"publish","type":"product","link":"https:\/\/alepposhop.eu\/de\/aleppo-seife-4-stueck\/","title":{"rendered":"Aleppo-Seife (4 St\u00fcck)"},"content":{"rendered":"<p style=\"text-align: center;\">\u00a0Gewicht : 840 g<\/p>\n<p style=\"text-align: center;\">Seifenpflanze aus Oliven\u00f6l oder anderen Pflanzen\u00f6len und Namen, weil Aleppo in Syrien die \u00e4ltesten und ber\u00fchmtesten St\u00e4dte seiner Industrie, Seife aus Oliven\u00f6l und leichterem \u00d6l ist<\/p>\n<p style=\"text-align: center;\">\n","protected":false},"excerpt":{"rendered":"<p>Hautpflege, Kosmetik, Kosmetika<\/p>\n","protected":false},"featured_media":7035,"template":"","meta":[],"product_brand":[],"product_cat":[76],"product_tag":[],"class_list":{"0":"post-9720","1":"product","2":"type-product","3":"status-publish","4":"has-post-thumbnail","6":"product_cat-personliche-hygiene","8":"first","9":"instock","10":"taxable","11":"shipping-taxable","12":"purchasable","13":"product-type-simple"},"_links":{"self":[{"href":"https:\/\/alepposhop.eu\/de\/wp-json\/wp\/v2\/product\/9720"}],"collection":[{"href":"https:\/\/alepposhop.eu\/de\/wp-json\/wp\/v2\/product"}],"about":[{"href":"https:\/\/alepposhop.eu\/de\/wp-json\/wp\/v2\/types\/product"}],"wp:featuredmedia":[{"embeddable":true,"href":"https:\/\/alepposhop.eu\/de\/wp-json\/wp\/v2\/media\/7035"}],"wp:attachment":[{"href":"https:\/\/alepposhop.eu\/de\/wp-json\/wp\/v2\/media?parent=9720"}],"wp:term":[{"taxonomy":"product_brand","embeddable":true,"href":"https:\/\/alepposhop.eu\/de\/wp-json\/wp\/v2\/product_brand?post=9720"},{"taxonomy":"product_cat","embeddable":true,"href":"https:\/\/alepposhop.eu\/de\/wp-json\/wp\/v2\/product_cat?post=9720"},{"taxonomy":"product_tag","embeddable":true,"href":"https:\/\/alepposhop.eu\/de\/wp-json\/wp\/v2\/product_tag?post=9720"}],"curies":[{"name":"wp","href":"https:\/\/api.w.org\/{rel}","templated":true}]}}