{"id":9744,"date":"2021-08-03T01:38:25","date_gmt":"2021-08-05T12:00:33","guid":{"rendered":"http:\/\/alepposhop.eu\/product\/unkategorisiert\/sanan-shampoo\/"},"modified":"2021-09-30T12:28:23","modified_gmt":"2021-09-30T10:28:23","slug":"sanan-shampoo","status":"publish","type":"product","link":"https:\/\/alepposhop.eu\/de\/sanan-shampoo\/","title":{"rendered":"Sanan Shampoo."},"content":{"rendered":"<p style=\"text-align: center;\">\u00a0Gewicht : 250 g<\/p>\n<p style=\"text-align: center;\">Sanan Shampoo ist sehr effektiv bei der Bek\u00e4mpfung von L\u00e4usen und Ursachen f\u00fcr Erwachsene und oberfl\u00e4chliche Wirksamkeit t\u00f6tet L\u00e4use und entfernt die Eier und beseitigt die Kopfhautkruste,<\/p>\n<p style=\"text-align: center;\">\n","protected":false},"excerpt":{"rendered":"<p>Shampoo, Hautpflege, Kinder, Babyshampoos, Haarpflege, L\u00e4use<\/p>\n","protected":false},"featured_media":7059,"template":"","meta":[],"product_brand":[],"product_cat":[76],"product_tag":[],"class_list":{"0":"post-9744","1":"product","2":"type-product","3":"status-publish","4":"has-post-thumbnail","6":"product_cat-personliche-hygiene","8":"first","9":"instock","10":"taxable","11":"shipping-taxable","12":"purchasable","13":"product-type-simple"},"_links":{"self":[{"href":"https:\/\/alepposhop.eu\/de\/wp-json\/wp\/v2\/product\/9744"}],"collection":[{"href":"https:\/\/alepposhop.eu\/de\/wp-json\/wp\/v2\/product"}],"about":[{"href":"https:\/\/alepposhop.eu\/de\/wp-json\/wp\/v2\/types\/product"}],"wp:featuredmedia":[{"embeddable":true,"href":"https:\/\/alepposhop.eu\/de\/wp-json\/wp\/v2\/media\/7059"}],"wp:attachment":[{"href":"https:\/\/alepposhop.eu\/de\/wp-json\/wp\/v2\/media?parent=9744"}],"wp:term":[{"taxonomy":"product_brand","embeddable":true,"href":"https:\/\/alepposhop.eu\/de\/wp-json\/wp\/v2\/product_brand?post=9744"},{"taxonomy":"product_cat","embeddable":true,"href":"https:\/\/alepposhop.eu\/de\/wp-json\/wp\/v2\/product_cat?post=9744"},{"taxonomy":"product_tag","embeddable":true,"href":"https:\/\/alepposhop.eu\/de\/wp-json\/wp\/v2\/product_tag?post=9744"}],"curies":[{"name":"wp","href":"https:\/\/api.w.org\/{rel}","templated":true}]}}