{"id":9752,"date":"2021-06-28T08:17:59","date_gmt":"2021-06-23T02:29:50","guid":{"rendered":"http:\/\/alepposhop.eu\/product\/unkategorisiert\/drirra-pulver\/"},"modified":"2021-09-30T12:28:24","modified_gmt":"2021-09-30T10:28:24","slug":"drirra-pulver","status":"publish","type":"product","link":"https:\/\/alepposhop.eu\/de\/drirra-pulver\/","title":{"rendered":"Drirra-Pulver"},"content":{"rendered":"<p style=\"text-align: center;\">\u00a0Gewicht : 75 g<\/p>\n<p style=\"text-align: center;\">Originalhypothese mit gesunden und verbesserten gesunden Eigenschaften und dient zur Zerst\u00f6rung der K\u00f6rper- und Bekleidungsschr\u00e4nke<\/p>\n<p style=\"text-align: center;\">\n","protected":false},"excerpt":{"rendered":"<p>Aleppo, Pulver, Beilon, Clay Aleppo<\/p>\n","protected":false},"featured_media":7067,"template":"","meta":[],"product_brand":[],"product_cat":[76],"product_tag":[],"class_list":{"0":"post-9752","1":"product","2":"type-product","3":"status-publish","4":"has-post-thumbnail","6":"product_cat-personliche-hygiene","8":"first","9":"instock","10":"taxable","11":"shipping-taxable","12":"purchasable","13":"product-type-simple"},"_links":{"self":[{"href":"https:\/\/alepposhop.eu\/de\/wp-json\/wp\/v2\/product\/9752"}],"collection":[{"href":"https:\/\/alepposhop.eu\/de\/wp-json\/wp\/v2\/product"}],"about":[{"href":"https:\/\/alepposhop.eu\/de\/wp-json\/wp\/v2\/types\/product"}],"wp:featuredmedia":[{"embeddable":true,"href":"https:\/\/alepposhop.eu\/de\/wp-json\/wp\/v2\/media\/7067"}],"wp:attachment":[{"href":"https:\/\/alepposhop.eu\/de\/wp-json\/wp\/v2\/media?parent=9752"}],"wp:term":[{"taxonomy":"product_brand","embeddable":true,"href":"https:\/\/alepposhop.eu\/de\/wp-json\/wp\/v2\/product_brand?post=9752"},{"taxonomy":"product_cat","embeddable":true,"href":"https:\/\/alepposhop.eu\/de\/wp-json\/wp\/v2\/product_cat?post=9752"},{"taxonomy":"product_tag","embeddable":true,"href":"https:\/\/alepposhop.eu\/de\/wp-json\/wp\/v2\/product_tag?post=9752"}],"curies":[{"name":"wp","href":"https:\/\/api.w.org\/{rel}","templated":true}]}}