{"id":9772,"date":"2021-07-28T17:47:36","date_gmt":"2021-06-04T14:54:40","guid":{"rendered":"http:\/\/alepposhop.eu\/product\/unkategorisiert\/professioneller-belon-balsam\/"},"modified":"2021-10-01T00:00:31","modified_gmt":"2021-09-30T22:00:31","slug":"professioneller-belon-balsam","status":"publish","type":"product","link":"https:\/\/alepposhop.eu\/de\/professioneller-belon-balsam\/","title":{"rendered":"Professioneller Belon Balsam."},"content":{"rendered":"<p style=\"text-align: center;\">\u00a0Gewicht : 425 g<\/p>\n<p style=\"text-align: center;\">Ein kosmetischer Balsam enth\u00e4lt 7 nat\u00fcrliche \u00d6le<\/p>\n<p style=\"text-align: center;\">\n","protected":false},"excerpt":{"rendered":"<p>Balsam, Balsam, Hair Shampoo, Haarpflege, Kosmetik, Feuchtigkeitsspendende, Beilon<\/p>\n","protected":false},"featured_media":7087,"template":"","meta":[],"product_brand":[],"product_cat":[76],"product_tag":[],"class_list":{"0":"post-9772","1":"product","2":"type-product","3":"status-publish","4":"has-post-thumbnail","6":"product_cat-personliche-hygiene","8":"first","9":"outofstock","10":"taxable","11":"shipping-taxable","12":"purchasable","13":"product-type-simple"},"_links":{"self":[{"href":"https:\/\/alepposhop.eu\/de\/wp-json\/wp\/v2\/product\/9772"}],"collection":[{"href":"https:\/\/alepposhop.eu\/de\/wp-json\/wp\/v2\/product"}],"about":[{"href":"https:\/\/alepposhop.eu\/de\/wp-json\/wp\/v2\/types\/product"}],"wp:featuredmedia":[{"embeddable":true,"href":"https:\/\/alepposhop.eu\/de\/wp-json\/wp\/v2\/media\/7087"}],"wp:attachment":[{"href":"https:\/\/alepposhop.eu\/de\/wp-json\/wp\/v2\/media?parent=9772"}],"wp:term":[{"taxonomy":"product_brand","embeddable":true,"href":"https:\/\/alepposhop.eu\/de\/wp-json\/wp\/v2\/product_brand?post=9772"},{"taxonomy":"product_cat","embeddable":true,"href":"https:\/\/alepposhop.eu\/de\/wp-json\/wp\/v2\/product_cat?post=9772"},{"taxonomy":"product_tag","embeddable":true,"href":"https:\/\/alepposhop.eu\/de\/wp-json\/wp\/v2\/product_tag?post=9772"}],"curies":[{"name":"wp","href":"https:\/\/api.w.org\/{rel}","templated":true}]}}