{"id":9808,"date":"2021-06-03T16:06:17","date_gmt":"2021-07-06T03:49:57","guid":{"rendered":"http:\/\/alepposhop.eu\/product\/unkategorisiert\/teller-herzform-rot\/"},"modified":"2022-01-01T00:01:42","modified_gmt":"2021-12-31T23:01:42","slug":"teller-herzform-rot","status":"publish","type":"product","link":"https:\/\/alepposhop.eu\/de\/teller-herzform-rot\/","title":{"rendered":"Teller Herzform (rot)"},"content":{"rendered":"<p style=\"text-align: center;\">\u00a0Gewicht : 130 g<\/p>\n<p style=\"text-align: center;\">Gericht aus Melamin, geeignet f\u00fcr Zitruszitrus, N\u00fcsse und \u00dcberraschungen<\/p>\n<p style=\"text-align: center;\">\n","protected":false},"excerpt":{"rendered":"<p>Gericht, Herz, Gastfreundschaft, Betwachung, S\u00fc\u00dfwaren, K\u00fcchenwerkzeuge<\/p>\n","protected":false},"featured_media":7123,"template":"","meta":[],"product_brand":[],"product_cat":[5845,77],"product_tag":[],"class_list":{"0":"post-9808","1":"product","2":"type-product","3":"status-publish","4":"has-post-thumbnail","6":"product_cat-auktion","7":"product_cat-kuchenwerkzeuge-und-zubehor","9":"first","10":"instock","11":"sale","12":"taxable","13":"shipping-taxable","14":"purchasable","15":"product-type-simple"},"_links":{"self":[{"href":"https:\/\/alepposhop.eu\/de\/wp-json\/wp\/v2\/product\/9808"}],"collection":[{"href":"https:\/\/alepposhop.eu\/de\/wp-json\/wp\/v2\/product"}],"about":[{"href":"https:\/\/alepposhop.eu\/de\/wp-json\/wp\/v2\/types\/product"}],"wp:featuredmedia":[{"embeddable":true,"href":"https:\/\/alepposhop.eu\/de\/wp-json\/wp\/v2\/media\/7123"}],"wp:attachment":[{"href":"https:\/\/alepposhop.eu\/de\/wp-json\/wp\/v2\/media?parent=9808"}],"wp:term":[{"taxonomy":"product_brand","embeddable":true,"href":"https:\/\/alepposhop.eu\/de\/wp-json\/wp\/v2\/product_brand?post=9808"},{"taxonomy":"product_cat","embeddable":true,"href":"https:\/\/alepposhop.eu\/de\/wp-json\/wp\/v2\/product_cat?post=9808"},{"taxonomy":"product_tag","embeddable":true,"href":"https:\/\/alepposhop.eu\/de\/wp-json\/wp\/v2\/product_tag?post=9808"}],"curies":[{"name":"wp","href":"https:\/\/api.w.org\/{rel}","templated":true}]}}