{"id":9812,"date":"2021-08-09T09:48:32","date_gmt":"2021-05-25T12:10:25","guid":{"rendered":"http:\/\/alepposhop.eu\/product\/unkategorisiert\/geschirr-herzform-weiss\/"},"modified":"2021-11-09T23:00:16","modified_gmt":"2021-11-09T22:00:16","slug":"geschirr-herzform-weiss","status":"publish","type":"product","link":"https:\/\/alepposhop.eu\/de\/geschirr-herzform-weiss\/","title":{"rendered":"Geschirr Herzform (wei\u00df)"},"content":{"rendered":"<p style=\"text-align: center;\">\u00a0Gewicht : 130 g<\/p>\n<p style=\"text-align: center;\">Gericht aus Melamin, geeignet f\u00fcr Zitruszitrus, N\u00fcsse und \u00dcberraschungen<\/p>\n<p style=\"text-align: center;\">\n","protected":false},"excerpt":{"rendered":"<p>Gericht, Herz, Gastfreundschaft, Betwachung, S\u00fc\u00dfwaren, K\u00fcchenwerkzeuge<\/p>\n","protected":false},"featured_media":7127,"template":"","meta":[],"product_brand":[],"product_cat":[5845,77],"product_tag":[],"class_list":{"0":"post-9812","1":"product","2":"type-product","3":"status-publish","4":"has-post-thumbnail","6":"product_cat-auktion","7":"product_cat-kuchenwerkzeuge-und-zubehor","9":"first","10":"instock","11":"sale","12":"taxable","13":"shipping-taxable","14":"purchasable","15":"product-type-simple"},"_links":{"self":[{"href":"https:\/\/alepposhop.eu\/de\/wp-json\/wp\/v2\/product\/9812"}],"collection":[{"href":"https:\/\/alepposhop.eu\/de\/wp-json\/wp\/v2\/product"}],"about":[{"href":"https:\/\/alepposhop.eu\/de\/wp-json\/wp\/v2\/types\/product"}],"wp:featuredmedia":[{"embeddable":true,"href":"https:\/\/alepposhop.eu\/de\/wp-json\/wp\/v2\/media\/7127"}],"wp:attachment":[{"href":"https:\/\/alepposhop.eu\/de\/wp-json\/wp\/v2\/media?parent=9812"}],"wp:term":[{"taxonomy":"product_brand","embeddable":true,"href":"https:\/\/alepposhop.eu\/de\/wp-json\/wp\/v2\/product_brand?post=9812"},{"taxonomy":"product_cat","embeddable":true,"href":"https:\/\/alepposhop.eu\/de\/wp-json\/wp\/v2\/product_cat?post=9812"},{"taxonomy":"product_tag","embeddable":true,"href":"https:\/\/alepposhop.eu\/de\/wp-json\/wp\/v2\/product_tag?post=9812"}],"curies":[{"name":"wp","href":"https:\/\/api.w.org\/{rel}","templated":true}]}}