{"id":9816,"date":"2021-07-06T00:55:33","date_gmt":"2021-05-24T12:53:26","guid":{"rendered":"http:\/\/alepposhop.eu\/product\/unkategorisiert\/schuessel-rosenform\/"},"modified":"2021-11-09T23:00:16","modified_gmt":"2021-11-09T22:00:16","slug":"schuessel-rosenform","status":"publish","type":"product","link":"https:\/\/alepposhop.eu\/de\/schuessel-rosenform\/","title":{"rendered":"Sch\u00fcssel Rosenform"},"content":{"rendered":"<p style=\"text-align: center;\">\u00a0Gewicht : 170 g<\/p>\n<p style=\"text-align: center;\">Gericht aus Melamin, geeignet f\u00fcr Zitruszitrus, N\u00fcsse und \u00dcberraschungen<\/p>\n<p style=\"text-align: center;\">\n","protected":false},"excerpt":{"rendered":"<p>Gericht, Rose, Gastfreundschaft, Betwachung, S\u00fc\u00dfigkeiten<\/p>\n","protected":false},"featured_media":7131,"template":"","meta":[],"product_brand":[],"product_cat":[77],"product_tag":[],"class_list":{"0":"post-9816","1":"product","2":"type-product","3":"status-publish","4":"has-post-thumbnail","6":"product_cat-kuchenwerkzeuge-und-zubehor","8":"first","9":"outofstock","10":"taxable","11":"shipping-taxable","12":"purchasable","13":"product-type-simple"},"_links":{"self":[{"href":"https:\/\/alepposhop.eu\/de\/wp-json\/wp\/v2\/product\/9816"}],"collection":[{"href":"https:\/\/alepposhop.eu\/de\/wp-json\/wp\/v2\/product"}],"about":[{"href":"https:\/\/alepposhop.eu\/de\/wp-json\/wp\/v2\/types\/product"}],"wp:featuredmedia":[{"embeddable":true,"href":"https:\/\/alepposhop.eu\/de\/wp-json\/wp\/v2\/media\/7131"}],"wp:attachment":[{"href":"https:\/\/alepposhop.eu\/de\/wp-json\/wp\/v2\/media?parent=9816"}],"wp:term":[{"taxonomy":"product_brand","embeddable":true,"href":"https:\/\/alepposhop.eu\/de\/wp-json\/wp\/v2\/product_brand?post=9816"},{"taxonomy":"product_cat","embeddable":true,"href":"https:\/\/alepposhop.eu\/de\/wp-json\/wp\/v2\/product_cat?post=9816"},{"taxonomy":"product_tag","embeddable":true,"href":"https:\/\/alepposhop.eu\/de\/wp-json\/wp\/v2\/product_tag?post=9816"}],"curies":[{"name":"wp","href":"https:\/\/api.w.org\/{rel}","templated":true}]}}