{"id":9828,"date":"2021-08-03T02:03:06","date_gmt":"2021-07-12T19:50:37","guid":{"rendered":"http:\/\/alepposhop.eu\/product\/unkategorisiert\/herzgerichte-5-stueck\/"},"modified":"2021-09-30T12:28:43","modified_gmt":"2021-09-30T10:28:43","slug":"herzgerichte-5-stueck","status":"publish","type":"product","link":"https:\/\/alepposhop.eu\/de\/herzgerichte-5-stueck\/","title":{"rendered":"Herzgerichte (5 St\u00fcck)"},"content":{"rendered":"<p style=\"text-align: center;\">\u00a0Gewicht : 1700 g<\/p>\n<p style=\"text-align: center;\">Wei\u00dfe Glasgerichte, 5 St\u00fcck in verschiedenen Gr\u00f6\u00dfen, sehr wundervolles Herz, ideal, um die leckersten Kosten zu bieten<\/p>\n<p style=\"text-align: center;\">\n","protected":false},"excerpt":{"rendered":"<p>Teller, Gerichte, Liebessch\u00fcssel, wei\u00dfe Sch\u00fcssel, K\u00fcchenwerkzeuge<\/p>\n","protected":false},"featured_media":7143,"template":"","meta":[],"product_brand":[],"product_cat":[5845,77],"product_tag":[],"class_list":{"0":"post-9828","1":"product","2":"type-product","3":"status-publish","4":"has-post-thumbnail","6":"product_cat-auktion","7":"product_cat-kuchenwerkzeuge-und-zubehor","9":"first","10":"instock","11":"sale","12":"taxable","13":"shipping-taxable","14":"purchasable","15":"product-type-simple"},"_links":{"self":[{"href":"https:\/\/alepposhop.eu\/de\/wp-json\/wp\/v2\/product\/9828"}],"collection":[{"href":"https:\/\/alepposhop.eu\/de\/wp-json\/wp\/v2\/product"}],"about":[{"href":"https:\/\/alepposhop.eu\/de\/wp-json\/wp\/v2\/types\/product"}],"wp:featuredmedia":[{"embeddable":true,"href":"https:\/\/alepposhop.eu\/de\/wp-json\/wp\/v2\/media\/7143"}],"wp:attachment":[{"href":"https:\/\/alepposhop.eu\/de\/wp-json\/wp\/v2\/media?parent=9828"}],"wp:term":[{"taxonomy":"product_brand","embeddable":true,"href":"https:\/\/alepposhop.eu\/de\/wp-json\/wp\/v2\/product_brand?post=9828"},{"taxonomy":"product_cat","embeddable":true,"href":"https:\/\/alepposhop.eu\/de\/wp-json\/wp\/v2\/product_cat?post=9828"},{"taxonomy":"product_tag","embeddable":true,"href":"https:\/\/alepposhop.eu\/de\/wp-json\/wp\/v2\/product_tag?post=9828"}],"curies":[{"name":"wp","href":"https:\/\/api.w.org\/{rel}","templated":true}]}}