{"id":9832,"date":"2021-06-27T21:23:39","date_gmt":"2021-07-31T14:51:07","guid":{"rendered":"http:\/\/alepposhop.eu\/product\/unkategorisiert\/geschirr-herz-6-stueck-mit-loeffel\/"},"modified":"2022-01-01T00:01:42","modified_gmt":"2021-12-31T23:01:42","slug":"geschirr-herz-6-stueck-mit-loeffel","status":"publish","type":"product","link":"https:\/\/alepposhop.eu\/de\/geschirr-herz-6-stueck-mit-loeffel\/","title":{"rendered":"Geschirr Herz 6 St\u00fcck (mit L\u00f6ffel)"},"content":{"rendered":"<p style=\"text-align: center;\">\u00a0Gewicht : 930 g<\/p>\n<p style=\"text-align: center;\">Wei\u00dfe Glas dummes Satz mit Glasl\u00f6ffel<\/p>\n<p style=\"text-align: center;\">\n","protected":false},"excerpt":{"rendered":"<p>Teller, Gerichte, Herz, Gastfreundschaft, Betwachung, S\u00fc\u00dfigkeiten, K\u00fcchenwerkzeuge<\/p>\n","protected":false},"featured_media":7147,"template":"","meta":[],"product_brand":[],"product_cat":[77],"product_tag":[],"class_list":{"0":"post-9832","1":"product","2":"type-product","3":"status-publish","4":"has-post-thumbnail","6":"product_cat-kuchenwerkzeuge-und-zubehor","8":"first","9":"instock","10":"taxable","11":"shipping-taxable","12":"purchasable","13":"product-type-simple"},"_links":{"self":[{"href":"https:\/\/alepposhop.eu\/de\/wp-json\/wp\/v2\/product\/9832"}],"collection":[{"href":"https:\/\/alepposhop.eu\/de\/wp-json\/wp\/v2\/product"}],"about":[{"href":"https:\/\/alepposhop.eu\/de\/wp-json\/wp\/v2\/types\/product"}],"wp:featuredmedia":[{"embeddable":true,"href":"https:\/\/alepposhop.eu\/de\/wp-json\/wp\/v2\/media\/7147"}],"wp:attachment":[{"href":"https:\/\/alepposhop.eu\/de\/wp-json\/wp\/v2\/media?parent=9832"}],"wp:term":[{"taxonomy":"product_brand","embeddable":true,"href":"https:\/\/alepposhop.eu\/de\/wp-json\/wp\/v2\/product_brand?post=9832"},{"taxonomy":"product_cat","embeddable":true,"href":"https:\/\/alepposhop.eu\/de\/wp-json\/wp\/v2\/product_cat?post=9832"},{"taxonomy":"product_tag","embeddable":true,"href":"https:\/\/alepposhop.eu\/de\/wp-json\/wp\/v2\/product_tag?post=9832"}],"curies":[{"name":"wp","href":"https:\/\/api.w.org\/{rel}","templated":true}]}}