{"id":9848,"date":"2021-06-25T17:20:51","date_gmt":"2021-06-01T03:19:22","guid":{"rendered":"http:\/\/alepposhop.eu\/product\/unkategorisiert\/teak-kit-6-stil-1\/"},"modified":"2023-03-30T12:27:12","modified_gmt":"2023-03-30T10:27:12","slug":"teak-kit-6-stil-1","status":"publish","type":"product","link":"https:\/\/alepposhop.eu\/de\/teak-kit-6-stil-1\/","title":{"rendered":"Teak-Kit 6 (Stil 1)"},"content":{"rendered":"<p style=\"text-align: center;\">\u00a0Gewicht : 1500 g<\/p>\n<p style=\"text-align: center;\">Wei\u00dfe Tassen setzen 12 Tasse hohe Qualit\u00e4t<\/p>\n<p style=\"text-align: center;\">\n","protected":false},"excerpt":{"rendered":"<p>Kaffeetassen, wei\u00dfe Tassen, wei\u00dfe Kaffeetasse, K\u00fcchenwerkzeuge<\/p>\n","protected":false},"featured_media":7163,"template":"","meta":[],"product_brand":[],"product_cat":[77],"product_tag":[],"class_list":{"0":"post-9848","1":"product","2":"type-product","3":"status-publish","4":"has-post-thumbnail","6":"product_cat-kuchenwerkzeuge-und-zubehor","8":"first","9":"outofstock","10":"taxable","11":"shipping-taxable","12":"purchasable","13":"product-type-simple"},"_links":{"self":[{"href":"https:\/\/alepposhop.eu\/de\/wp-json\/wp\/v2\/product\/9848"}],"collection":[{"href":"https:\/\/alepposhop.eu\/de\/wp-json\/wp\/v2\/product"}],"about":[{"href":"https:\/\/alepposhop.eu\/de\/wp-json\/wp\/v2\/types\/product"}],"wp:featuredmedia":[{"embeddable":true,"href":"https:\/\/alepposhop.eu\/de\/wp-json\/wp\/v2\/media\/7163"}],"wp:attachment":[{"href":"https:\/\/alepposhop.eu\/de\/wp-json\/wp\/v2\/media?parent=9848"}],"wp:term":[{"taxonomy":"product_brand","embeddable":true,"href":"https:\/\/alepposhop.eu\/de\/wp-json\/wp\/v2\/product_brand?post=9848"},{"taxonomy":"product_cat","embeddable":true,"href":"https:\/\/alepposhop.eu\/de\/wp-json\/wp\/v2\/product_cat?post=9848"},{"taxonomy":"product_tag","embeddable":true,"href":"https:\/\/alepposhop.eu\/de\/wp-json\/wp\/v2\/product_tag?post=9848"}],"curies":[{"name":"wp","href":"https:\/\/api.w.org\/{rel}","templated":true}]}}