{"id":9864,"date":"2021-07-29T13:12:54","date_gmt":"2021-06-05T10:29:29","guid":{"rendered":"http:\/\/alepposhop.eu\/product\/unkategorisiert\/shishbrk-shaper-metall\/"},"modified":"2021-09-30T12:28:52","modified_gmt":"2021-09-30T10:28:52","slug":"shishbrk-shaper-metall","status":"publish","type":"product","link":"https:\/\/alepposhop.eu\/de\/shishbrk-shaper-metall\/","title":{"rendered":"Shishbrk-Shaper (Metall)"},"content":{"rendered":"<p style=\"text-align: center;\">\u00a0Gewicht : 640 g<\/p>\n<p style=\"text-align: center;\">Eine ideale Vorlage f\u00fcr ein 37 St\u00fcck Chesher<\/p>\n<p style=\"text-align: center;\">\n","protected":false},"excerpt":{"rendered":"<p>Vorlagen, Vorlage, Sch\u00e4ndungsb\u00e4der, K\u00fcchenwerkzeuge, Eisenform, Shishperk-Form<\/p>\n","protected":false},"featured_media":7179,"template":"","meta":[],"product_brand":[],"product_cat":[77],"product_tag":[],"class_list":{"0":"post-9864","1":"product","2":"type-product","3":"status-publish","4":"has-post-thumbnail","6":"product_cat-kuchenwerkzeuge-und-zubehor","8":"first","9":"instock","10":"taxable","11":"shipping-taxable","12":"purchasable","13":"product-type-simple"},"_links":{"self":[{"href":"https:\/\/alepposhop.eu\/de\/wp-json\/wp\/v2\/product\/9864"}],"collection":[{"href":"https:\/\/alepposhop.eu\/de\/wp-json\/wp\/v2\/product"}],"about":[{"href":"https:\/\/alepposhop.eu\/de\/wp-json\/wp\/v2\/types\/product"}],"wp:featuredmedia":[{"embeddable":true,"href":"https:\/\/alepposhop.eu\/de\/wp-json\/wp\/v2\/media\/7179"}],"wp:attachment":[{"href":"https:\/\/alepposhop.eu\/de\/wp-json\/wp\/v2\/media?parent=9864"}],"wp:term":[{"taxonomy":"product_brand","embeddable":true,"href":"https:\/\/alepposhop.eu\/de\/wp-json\/wp\/v2\/product_brand?post=9864"},{"taxonomy":"product_cat","embeddable":true,"href":"https:\/\/alepposhop.eu\/de\/wp-json\/wp\/v2\/product_cat?post=9864"},{"taxonomy":"product_tag","embeddable":true,"href":"https:\/\/alepposhop.eu\/de\/wp-json\/wp\/v2\/product_tag?post=9864"}],"curies":[{"name":"wp","href":"https:\/\/api.w.org\/{rel}","templated":true}]}}