{"id":9916,"date":"2021-07-17T02:58:38","date_gmt":"2021-07-15T04:53:43","guid":{"rendered":"http:\/\/alepposhop.eu\/product\/unkategorisiert\/esstisch-rolle\/"},"modified":"2021-09-30T12:29:03","modified_gmt":"2021-09-30T10:29:03","slug":"esstisch-rolle","status":"publish","type":"product","link":"https:\/\/alepposhop.eu\/de\/esstisch-rolle\/","title":{"rendered":"Esstisch-Rolle"},"content":{"rendered":"<p style=\"text-align: center;\">\u00a0Gewicht : 135 g<\/p>\n<p style=\"text-align: center;\">Matratzenrolle Speisen, um die Reise des Urlaubs zu sch\u00fctzen, einmalig, Quadratz\u00e4hlergr\u00f6\u00dfe<\/p>\n<p style=\"text-align: center;\">\n","protected":false},"excerpt":{"rendered":"<p>Matratze Essen, Matratze Reise essen einmal, K\u00fcchenger\u00e4te<\/p>\n","protected":false},"featured_media":7231,"template":"","meta":[],"product_brand":[],"product_cat":[77],"product_tag":[],"class_list":{"0":"post-9916","1":"product","2":"type-product","3":"status-publish","4":"has-post-thumbnail","6":"product_cat-kuchenwerkzeuge-und-zubehor","8":"first","9":"outofstock","10":"taxable","11":"shipping-taxable","12":"purchasable","13":"product-type-simple"},"_links":{"self":[{"href":"https:\/\/alepposhop.eu\/de\/wp-json\/wp\/v2\/product\/9916"}],"collection":[{"href":"https:\/\/alepposhop.eu\/de\/wp-json\/wp\/v2\/product"}],"about":[{"href":"https:\/\/alepposhop.eu\/de\/wp-json\/wp\/v2\/types\/product"}],"wp:featuredmedia":[{"embeddable":true,"href":"https:\/\/alepposhop.eu\/de\/wp-json\/wp\/v2\/media\/7231"}],"wp:attachment":[{"href":"https:\/\/alepposhop.eu\/de\/wp-json\/wp\/v2\/media?parent=9916"}],"wp:term":[{"taxonomy":"product_brand","embeddable":true,"href":"https:\/\/alepposhop.eu\/de\/wp-json\/wp\/v2\/product_brand?post=9916"},{"taxonomy":"product_cat","embeddable":true,"href":"https:\/\/alepposhop.eu\/de\/wp-json\/wp\/v2\/product_cat?post=9916"},{"taxonomy":"product_tag","embeddable":true,"href":"https:\/\/alepposhop.eu\/de\/wp-json\/wp\/v2\/product_tag?post=9916"}],"curies":[{"name":"wp","href":"https:\/\/api.w.org\/{rel}","templated":true}]}}