{"id":9920,"date":"2021-08-10T10:05:10","date_gmt":"2021-07-19T07:48:37","guid":{"rendered":"http:\/\/alepposhop.eu\/product\/unkategorisiert\/mehshi-werkzeugmaschine\/"},"modified":"2021-09-30T12:29:04","modified_gmt":"2021-09-30T10:29:04","slug":"mehshi-werkzeugmaschine","status":"publish","type":"product","link":"https:\/\/alepposhop.eu\/de\/mehshi-werkzeugmaschine\/","title":{"rendered":"Mehshi Werkzeugmaschine"},"content":{"rendered":"<p style=\"text-align: center;\">\u00a0Gewicht : 30 g<\/p>\n<p style=\"text-align: center;\">Der Prozess einer gro\u00dfen Messmessung<\/p>\n<p style=\"text-align: center;\">\n","protected":false},"excerpt":{"rendered":"<p>Installiert, athletisch, gef\u00fcllt, gekonnt, kongomeriert, mit K\u00fcchenwerkzeugen gef\u00fcllt<\/p>\n","protected":false},"featured_media":7235,"template":"","meta":[],"product_brand":[],"product_cat":[77],"product_tag":[],"class_list":{"0":"post-9920","1":"product","2":"type-product","3":"status-publish","4":"has-post-thumbnail","6":"product_cat-kuchenwerkzeuge-und-zubehor","8":"first","9":"outofstock","10":"taxable","11":"shipping-taxable","12":"purchasable","13":"product-type-simple"},"_links":{"self":[{"href":"https:\/\/alepposhop.eu\/de\/wp-json\/wp\/v2\/product\/9920"}],"collection":[{"href":"https:\/\/alepposhop.eu\/de\/wp-json\/wp\/v2\/product"}],"about":[{"href":"https:\/\/alepposhop.eu\/de\/wp-json\/wp\/v2\/types\/product"}],"wp:featuredmedia":[{"embeddable":true,"href":"https:\/\/alepposhop.eu\/de\/wp-json\/wp\/v2\/media\/7235"}],"wp:attachment":[{"href":"https:\/\/alepposhop.eu\/de\/wp-json\/wp\/v2\/media?parent=9920"}],"wp:term":[{"taxonomy":"product_brand","embeddable":true,"href":"https:\/\/alepposhop.eu\/de\/wp-json\/wp\/v2\/product_brand?post=9920"},{"taxonomy":"product_cat","embeddable":true,"href":"https:\/\/alepposhop.eu\/de\/wp-json\/wp\/v2\/product_cat?post=9920"},{"taxonomy":"product_tag","embeddable":true,"href":"https:\/\/alepposhop.eu\/de\/wp-json\/wp\/v2\/product_tag?post=9920"}],"curies":[{"name":"wp","href":"https:\/\/api.w.org\/{rel}","templated":true}]}}