{"id":9928,"date":"2021-07-12T18:08:09","date_gmt":"2021-07-31T06:01:50","guid":{"rendered":"http:\/\/alepposhop.eu\/product\/unkategorisiert\/goldene-loeffel-6-stueck\/"},"modified":"2021-09-30T12:29:05","modified_gmt":"2021-09-30T10:29:05","slug":"goldene-loeffel-6-stueck","status":"publish","type":"product","link":"https:\/\/alepposhop.eu\/de\/goldene-loeffel-6-stueck\/","title":{"rendered":"Goldene L\u00f6ffel (6 St\u00fcck)"},"content":{"rendered":"<p style=\"text-align: center;\">\u00a0Gewicht : 75 g<\/p>\n<p style=\"text-align: center;\">Diamant-Essl\u00f6ffel mit hochwertigen Diamanten<\/p>\n<p style=\"text-align: center;\">\n","protected":false},"excerpt":{"rendered":"<p>L\u00f6ffel, L\u00f6ffel, Essl\u00f6ffel, K\u00fcchenwerkzeuge<\/p>\n","protected":false},"featured_media":7243,"template":"","meta":[],"product_brand":[],"product_cat":[77],"product_tag":[],"class_list":{"0":"post-9928","1":"product","2":"type-product","3":"status-publish","4":"has-post-thumbnail","6":"product_cat-kuchenwerkzeuge-und-zubehor","8":"first","9":"outofstock","10":"taxable","11":"shipping-taxable","12":"purchasable","13":"product-type-simple"},"_links":{"self":[{"href":"https:\/\/alepposhop.eu\/de\/wp-json\/wp\/v2\/product\/9928"}],"collection":[{"href":"https:\/\/alepposhop.eu\/de\/wp-json\/wp\/v2\/product"}],"about":[{"href":"https:\/\/alepposhop.eu\/de\/wp-json\/wp\/v2\/types\/product"}],"wp:featuredmedia":[{"embeddable":true,"href":"https:\/\/alepposhop.eu\/de\/wp-json\/wp\/v2\/media\/7243"}],"wp:attachment":[{"href":"https:\/\/alepposhop.eu\/de\/wp-json\/wp\/v2\/media?parent=9928"}],"wp:term":[{"taxonomy":"product_brand","embeddable":true,"href":"https:\/\/alepposhop.eu\/de\/wp-json\/wp\/v2\/product_brand?post=9928"},{"taxonomy":"product_cat","embeddable":true,"href":"https:\/\/alepposhop.eu\/de\/wp-json\/wp\/v2\/product_cat?post=9928"},{"taxonomy":"product_tag","embeddable":true,"href":"https:\/\/alepposhop.eu\/de\/wp-json\/wp\/v2\/product_tag?post=9928"}],"curies":[{"name":"wp","href":"https:\/\/api.w.org\/{rel}","templated":true}]}}