{"id":9940,"date":"2021-06-02T11:56:19","date_gmt":"2021-07-23T12:00:29","guid":{"rendered":"http:\/\/alepposhop.eu\/product\/unkategorisiert\/waschmaschine-textilabdeckung\/"},"modified":"2024-05-07T10:04:03","modified_gmt":"2024-05-07T08:04:03","slug":"waschmaschine-textilabdeckung","status":"publish","type":"product","link":"https:\/\/alepposhop.eu\/de\/waschmaschine-textilabdeckung\/","title":{"rendered":"Waschmaschine Textilabdeckung"},"content":{"rendered":"<p style=\"text-align: center\">Eine Abdeckung f\u00fcr die Waschmaschine, die mit ihrer wunderbaren Form und den sch\u00f6nen Farben die Waschmaschine vor Schmutz und Kratzern sch\u00fctzt<\/p>\n","protected":false},"excerpt":{"rendered":"<p>Waschmaschine, KAFR-Waschmaschine, Waschmaschine, Waschmaschine, Waschmaschine, K\u00fcchenwerkzeuge<\/p>\n","protected":false},"featured_media":7255,"template":"","meta":[],"product_brand":[],"product_cat":[80],"product_tag":[],"class_list":{"0":"post-9940","1":"product","2":"type-product","3":"status-publish","4":"has-post-thumbnail","6":"product_cat-hauswerkzeuge-und-zubehor","8":"first","9":"instock","10":"taxable","11":"shipping-taxable","12":"purchasable","13":"product-type-simple"},"_links":{"self":[{"href":"https:\/\/alepposhop.eu\/de\/wp-json\/wp\/v2\/product\/9940"}],"collection":[{"href":"https:\/\/alepposhop.eu\/de\/wp-json\/wp\/v2\/product"}],"about":[{"href":"https:\/\/alepposhop.eu\/de\/wp-json\/wp\/v2\/types\/product"}],"wp:featuredmedia":[{"embeddable":true,"href":"https:\/\/alepposhop.eu\/de\/wp-json\/wp\/v2\/media\/7255"}],"wp:attachment":[{"href":"https:\/\/alepposhop.eu\/de\/wp-json\/wp\/v2\/media?parent=9940"}],"wp:term":[{"taxonomy":"product_brand","embeddable":true,"href":"https:\/\/alepposhop.eu\/de\/wp-json\/wp\/v2\/product_brand?post=9940"},{"taxonomy":"product_cat","embeddable":true,"href":"https:\/\/alepposhop.eu\/de\/wp-json\/wp\/v2\/product_cat?post=9940"},{"taxonomy":"product_tag","embeddable":true,"href":"https:\/\/alepposhop.eu\/de\/wp-json\/wp\/v2\/product_tag?post=9940"}],"curies":[{"name":"wp","href":"https:\/\/api.w.org\/{rel}","templated":true}]}}