{"id":9948,"date":"2021-07-07T10:58:24","date_gmt":"2021-07-07T10:24:16","guid":{"rendered":"http:\/\/alepposhop.eu\/product\/unkategorisiert\/schlafkissen\/"},"modified":"2024-05-07T09:57:22","modified_gmt":"2024-05-07T07:57:22","slug":"2-schlafkissen","status":"publish","type":"product","link":"https:\/\/alepposhop.eu\/de\/2-schlafkissen\/","title":{"rendered":"Schlafkissen (2 st\u00fcck set )"},"content":{"rendered":"<p style=\"text-align: center\">\u00a0Schlafkissenbez\u00fcge aus reiner Baumwolle<\/p>\n<p style=\"text-align: center\">\n","protected":false},"excerpt":{"rendered":"<p>Abdeckungen, Feuchtigkeitsspezialit\u00e4ten, Baumwollfl\u00e4chen, Kissenbez\u00fcge, Schlafzimmer-Accessoires<\/p>\n","protected":false},"featured_media":7263,"template":"","meta":[],"product_brand":[],"product_cat":[80],"product_tag":[],"class_list":{"0":"post-9948","1":"product","2":"type-product","3":"status-publish","4":"has-post-thumbnail","6":"product_cat-hauswerkzeuge-und-zubehor","8":"first","9":"outofstock","10":"taxable","11":"shipping-taxable","12":"purchasable","13":"product-type-simple"},"_links":{"self":[{"href":"https:\/\/alepposhop.eu\/de\/wp-json\/wp\/v2\/product\/9948"}],"collection":[{"href":"https:\/\/alepposhop.eu\/de\/wp-json\/wp\/v2\/product"}],"about":[{"href":"https:\/\/alepposhop.eu\/de\/wp-json\/wp\/v2\/types\/product"}],"wp:featuredmedia":[{"embeddable":true,"href":"https:\/\/alepposhop.eu\/de\/wp-json\/wp\/v2\/media\/7263"}],"wp:attachment":[{"href":"https:\/\/alepposhop.eu\/de\/wp-json\/wp\/v2\/media?parent=9948"}],"wp:term":[{"taxonomy":"product_brand","embeddable":true,"href":"https:\/\/alepposhop.eu\/de\/wp-json\/wp\/v2\/product_brand?post=9948"},{"taxonomy":"product_cat","embeddable":true,"href":"https:\/\/alepposhop.eu\/de\/wp-json\/wp\/v2\/product_cat?post=9948"},{"taxonomy":"product_tag","embeddable":true,"href":"https:\/\/alepposhop.eu\/de\/wp-json\/wp\/v2\/product_tag?post=9948"}],"curies":[{"name":"wp","href":"https:\/\/api.w.org\/{rel}","templated":true}]}}