{"id":9996,"date":"2021-05-17T15:44:10","date_gmt":"2021-07-30T16:22:56","guid":{"rendered":"http:\/\/alepposhop.eu\/product\/unkategorisiert\/haarband-schwarz\/"},"modified":"2021-09-30T12:29:20","modified_gmt":"2021-09-30T10:29:20","slug":"haarband-schwarz","status":"publish","type":"product","link":"https:\/\/alepposhop.eu\/de\/haarband-schwarz\/","title":{"rendered":"Haarband (schwarz)"},"content":{"rendered":"<p style=\"text-align: center;\">\u00a0Gewicht : &#8211; g<\/p>\n<p style=\"text-align: center;\">Baumwollschu\u00df unter dem Schleier oder dem Tuch, der f\u00fcr alle Arten von Schleier und T\u00fcchern geeignet ist<\/p>\n<p style=\"text-align: center;\">\n","protected":false},"excerpt":{"rendered":"<p>Leasing, Schleier, Haare<\/p>\n","protected":false},"featured_media":7311,"template":"","meta":[],"product_brand":[],"product_cat":[81],"product_tag":[],"class_list":{"0":"post-9996","1":"product","2":"type-product","3":"status-publish","4":"has-post-thumbnail","6":"product_cat-textil-und-kleidung","8":"first","9":"instock","10":"taxable","11":"shipping-taxable","12":"purchasable","13":"product-type-simple"},"_links":{"self":[{"href":"https:\/\/alepposhop.eu\/de\/wp-json\/wp\/v2\/product\/9996"}],"collection":[{"href":"https:\/\/alepposhop.eu\/de\/wp-json\/wp\/v2\/product"}],"about":[{"href":"https:\/\/alepposhop.eu\/de\/wp-json\/wp\/v2\/types\/product"}],"wp:featuredmedia":[{"embeddable":true,"href":"https:\/\/alepposhop.eu\/de\/wp-json\/wp\/v2\/media\/7311"}],"wp:attachment":[{"href":"https:\/\/alepposhop.eu\/de\/wp-json\/wp\/v2\/media?parent=9996"}],"wp:term":[{"taxonomy":"product_brand","embeddable":true,"href":"https:\/\/alepposhop.eu\/de\/wp-json\/wp\/v2\/product_brand?post=9996"},{"taxonomy":"product_cat","embeddable":true,"href":"https:\/\/alepposhop.eu\/de\/wp-json\/wp\/v2\/product_cat?post=9996"},{"taxonomy":"product_tag","embeddable":true,"href":"https:\/\/alepposhop.eu\/de\/wp-json\/wp\/v2\/product_tag?post=9996"}],"curies":[{"name":"wp","href":"https:\/\/api.w.org\/{rel}","templated":true}]}}