{"id":23205,"date":"2023-02-05T20:40:00","date_gmt":"2023-02-05T19:52:23","guid":{"rendered":"https:\/\/alepposhop.eu\/pumpkin-seed-pulp\/"},"modified":"2025-01-31T13:18:03","modified_gmt":"2025-01-31T12:18:03","slug":"pumpkin-seed-pulp","status":"publish","type":"product","link":"https:\/\/alepposhop.eu\/en\/pumpkin-seed-pulp\/","title":{"rendered":"Peeled Pumpkin seed"},"content":{"rendered":"<p style=\"text-align: center\">Gewicht: 100g<\/p>\n<p style=\"text-align: center\">K\u00fcrbiskerne sind ein toller Snack. Sie sind zwar klein, aber reich an wichtigen N\u00e4hrstoffen f\u00fcr den K\u00f6rper. Sie liefern Zink, Magnesium, Kupfer, Protein und gesunde Fette. Sie sind auch eine gute Quelle f\u00fcr Eisen und B-Vitamine.<\/p>\n<p style=\"text-align: center\">K\u00fcrbiskerne enthalten gesunde Fette, die zur Erhaltung der K\u00f6rpergesundheit beitragen und Ballaststoffe, die den Magen f\u00fcr lange Zeit f\u00fcllen.<\/p>\n","protected":false},"excerpt":{"rendered":"<p>pumpkin seeds , seeds , pumpkin ,salt<\/p>\n","protected":false},"featured_media":23055,"template":"","meta":[],"product_brand":[],"product_cat":[56],"product_tag":[],"class_list":{"0":"post-23205","1":"product","2":"type-product","3":"status-publish","4":"has-post-thumbnail","6":"product_cat-nuts-and-seeds","8":"first","9":"instock","10":"taxable","11":"shipping-taxable","12":"purchasable","13":"product-type-simple"},"_links":{"self":[{"href":"https:\/\/alepposhop.eu\/en\/wp-json\/wp\/v2\/product\/23205"}],"collection":[{"href":"https:\/\/alepposhop.eu\/en\/wp-json\/wp\/v2\/product"}],"about":[{"href":"https:\/\/alepposhop.eu\/en\/wp-json\/wp\/v2\/types\/product"}],"wp:featuredmedia":[{"embeddable":true,"href":"https:\/\/alepposhop.eu\/en\/wp-json\/wp\/v2\/media\/23055"}],"wp:attachment":[{"href":"https:\/\/alepposhop.eu\/en\/wp-json\/wp\/v2\/media?parent=23205"}],"wp:term":[{"taxonomy":"product_brand","embeddable":true,"href":"https:\/\/alepposhop.eu\/en\/wp-json\/wp\/v2\/product_brand?post=23205"},{"taxonomy":"product_cat","embeddable":true,"href":"https:\/\/alepposhop.eu\/en\/wp-json\/wp\/v2\/product_cat?post=23205"},{"taxonomy":"product_tag","embeddable":true,"href":"https:\/\/alepposhop.eu\/en\/wp-json\/wp\/v2\/product_tag?post=23205"}],"curies":[{"name":"wp","href":"https:\/\/api.w.org\/{rel}","templated":true}]}}