{"id":6400,"date":"2021-06-02T05:02:50","date_gmt":"2021-06-02T03:02:50","guid":{"rendered":"http:\/\/alepposhop.eu\/product\/uncategorized\/marjoram-spice\/"},"modified":"2024-12-12T01:14:14","modified_gmt":"2024-12-12T00:14:14","slug":"marjoram-spice","status":"publish","type":"product","link":"https:\/\/alepposhop.eu\/en\/marjoram-spice\/","title":{"rendered":"Marjoram"},"content":{"rendered":"<p style=\"text-align: center\">weight: 100 g<\/p>\n<p style=\"text-align: center\">Majoran ist eine mehrj\u00e4hrige krautige Pflanze mit einem stark aromatischen Geruch. Sie wird in der Lebensmittelindustrie h\u00e4ufig als Gew\u00fcrz f\u00fcr Fleisch und Gem\u00fcse verwendet.<\/p>\n<p style=\"text-align: center\">\n","protected":false},"excerpt":{"rendered":"<p>Muffler, spices, spices<\/p>\n","protected":false},"featured_media":6401,"template":"","meta":[],"product_brand":[],"product_cat":[57],"product_tag":[],"class_list":{"0":"post-6400","1":"product","2":"type-product","3":"status-publish","4":"has-post-thumbnail","6":"product_cat-spices-and-condiments","8":"first","9":"instock","10":"taxable","11":"shipping-taxable","12":"purchasable","13":"product-type-simple"},"_links":{"self":[{"href":"https:\/\/alepposhop.eu\/en\/wp-json\/wp\/v2\/product\/6400"}],"collection":[{"href":"https:\/\/alepposhop.eu\/en\/wp-json\/wp\/v2\/product"}],"about":[{"href":"https:\/\/alepposhop.eu\/en\/wp-json\/wp\/v2\/types\/product"}],"wp:featuredmedia":[{"embeddable":true,"href":"https:\/\/alepposhop.eu\/en\/wp-json\/wp\/v2\/media\/6401"}],"wp:attachment":[{"href":"https:\/\/alepposhop.eu\/en\/wp-json\/wp\/v2\/media?parent=6400"}],"wp:term":[{"taxonomy":"product_brand","embeddable":true,"href":"https:\/\/alepposhop.eu\/en\/wp-json\/wp\/v2\/product_brand?post=6400"},{"taxonomy":"product_cat","embeddable":true,"href":"https:\/\/alepposhop.eu\/en\/wp-json\/wp\/v2\/product_cat?post=6400"},{"taxonomy":"product_tag","embeddable":true,"href":"https:\/\/alepposhop.eu\/en\/wp-json\/wp\/v2\/product_tag?post=6400"}],"curies":[{"name":"wp","href":"https:\/\/api.w.org\/{rel}","templated":true}]}}